{"id":533,"date":"2022-10-20T14:43:19","date_gmt":"2022-10-20T12:43:19","guid":{"rendered":"https:\/\/a3collectif.com\/?page_id=533"},"modified":"2023-12-18T15:26:35","modified_gmt":"2023-12-18T14:26:35","slug":"contact","status":"publish","type":"page","link":"https:\/\/a3collectif.com\/index.php\/contact\/","title":{"rendered":"Contact"},"content":{"rendered":"<div class=\"\" style=\"\" >\n    \n    <section class=\"u-align-center u-clearfix u-white u-section-2\" id=\"carousel_52e7\">\n      <div class=\"u-clearfix u-sheet u-sheet-1\">\n        <div class=\"data-layout-selected u-clearfix u-layout-wrap u-layout-wrap-1\">\n          <div class=\"u-layout\">\n            <div class=\"u-layout-row\">\n              <div class=\"u-container-style u-layout-cell u-size-20 u-layout-cell-1\">\n                <div class=\"u-container-layout u-container-layout-1\">\n                  <img decoding=\"async\" class=\"u-expanded-width u-image u-image-1\" src=\"https:\/\/a3collectif.com\/wp-content\/uploads\/2022\/10\/174900-6.jpg\" data-image-width=\"2557\" data-image-height=\"2169\">\n                <\/div>\n              <\/div>\n              <div class=\"u-container-style u-layout-cell u-size-40 u-layout-cell-2\">\n                <div class=\"u-container-layout u-container-layout-2\">\n                  <p class=\"u-custom-font u-text u-text-1\">Nous contacter <\/p>\n                  <p class=\"u-align-justify u-custom-font u-text u-text-2\">Vous voulez cr\u00e9er un num\u00e9ro pour votre lieu, int\u00e9grer le collectif A3 ou bien commander des exemplaires papiers ? Ecrivez-nous !&nbsp;<br>\n                    <br>\n                  <\/p>\n                  <p class=\"u-custom-font u-text u-text-3\">Par mail :&nbsp;<a href=\"mailto:a3.resoriso@gmail.com\" class=\"u-btn u-button-link u-button-style u-text-palette-1-base u-btn-1\">a3.resoriso@gmail.com<\/a>\n                  <\/p>\n                  <p class=\"u-custom-font u-text u-text-4\">Sur Insta :&nbsp;<a href=\"https:\/\/www.instagram.com\/a3_publication\/\" class=\"u-btn u-button-link u-button-style u-text-palette-1-base u-btn-2\"> https:\/\/www.instagram.com\/a3_publication\/<\/a>\n                  <\/p>\n                <\/div>\n              <\/div>\n            <\/div>\n          <\/div>\n        <\/div>\n      <\/div>\n    <\/section>\n    <section class=\"u-clearfix u-white u-section-3\" id=\"sec-496f\">\n      <div class=\"u-clearfix u-sheet u-valign-middle-sm u-valign-middle-xs u-sheet-1\">\n        <div class=\"u-expanded-width u-gallery u-layout-horizontal u-lightbox u-no-transition u-show-text-on-hover u-gallery-1\">\n          <div class=\"u-gallery-inner\"><div class=\"u-effect-fade u-gallery-item u-gallery-item-1\" data-image-width=\"443\" data-image-height=\"1240\" data-href=\"https:\/\/a3collectif.com\/index.php\/numero-6-la-treso\/\" title=\"Num\u00e9ro 6 \u2013 La Tr\u00e9so\"><div class=\"u-back-slide\"><img decoding=\"async\" class=\"u-back-image\" src=\"https:\/\/a3collectif.com\/wp-content\/uploads\/2022\/12\/N6.jpg\">\n<\/div><div class=\"u-over-slide u-shading u-over-slide-1\"><\/div>\n<\/div><div class=\"u-effect-fade u-gallery-item u-gallery-item-2\" data-href=\"https:\/\/a3collectif.com\/index.php\/numero1-reseaux\/\" title=\"Num\u00e9ro 1 \u2013 r\u00e9seaux idf\"><div class=\"u-back-slide\" data-image-width=\"443\" data-image-height=\"1240\"><img decoding=\"async\" class=\"u-back-image\" src=\"https:\/\/a3collectif.com\/wp-content\/uploads\/2022\/10\/COUVERTURE_V1-10.jpg\">\n<\/div><div class=\"u-over-slide u-shading u-over-slide-2\"><\/div>\n<\/div><div class=\"u-effect-fade u-gallery-item u-gallery-item-3\" data-href=\"https:\/\/a3collectif.com\/index.php\/numero2-itinerance\/\" title=\"Num\u00e9ro 2 \u2013 l\u2019itin\u00e9rance\"><div class=\"u-back-slide\" data-image-width=\"443\" data-image-height=\"1240\"><img decoding=\"async\" class=\"u-back-image\" src=\"https:\/\/a3collectif.com\/wp-content\/uploads\/2022\/10\/COUVERTURE_V12-10.jpg\">\n<\/div><div class=\"u-over-slide u-shading u-over-slide-3\"><\/div>\n<\/div><div class=\"u-effect-fade u-gallery-item u-gallery-item-4\" data-href=\"https:\/\/a3collectif.com\/index.php\/numero3-inclusion\/\" title=\"Num\u00e9ro 3 \u2013 l\u2019inclusion\"><div class=\"u-back-slide\" data-image-width=\"443\" data-image-height=\"1240\"><img decoding=\"async\" class=\"u-back-image\" src=\"https:\/\/a3collectif.com\/wp-content\/uploads\/2022\/10\/COUVERTURE_V13-10.jpg\">\n<\/div><div class=\"u-over-slide u-shading u-over-slide-4\"><\/div>\n<\/div><div class=\"u-effect-fade u-gallery-item u-gallery-item-5\" data-href=\"https:\/\/a3collectif.com\/index.php\/numero4-lescommuns\/\" title=\"Num\u00e9ro 4 \u2013 Les communs\"><div class=\"u-back-slide\" data-image-width=\"443\" data-image-height=\"1240\"><img decoding=\"async\" class=\"u-back-image\" src=\"https:\/\/a3collectif.com\/wp-content\/uploads\/2022\/10\/COUVERTURE_V14-11.jpg\">\n<\/div><div class=\"u-over-slide u-shading u-over-slide-5\"><\/div>\n<\/div><div class=\"u-effect-fade u-gallery-item u-gallery-item-6\" data-href=\"https:\/\/a3collectif.com\/index.php\/numero-5-make-her-space\/\" title=\"Num\u00e9ro 5 \u2013 MakeHerSpace\"><div class=\"u-back-slide\" data-image-width=\"443\" data-image-height=\"1240\"><img decoding=\"async\" class=\"u-back-image\" src=\"https:\/\/a3collectif.com\/wp-content\/uploads\/2022\/10\/COUVERTURE_V15-8.jpg\">\n<\/div><div class=\"u-over-slide u-shading u-over-slide-6\"><\/div>\n<\/div><\/div>\n          <a class=\"u-absolute-vcenter u-gallery-nav u-gallery-nav-prev u-grey-70 u-icon-circle u-opacity u-opacity-70 u-spacing-10 u-text-white u-gallery-nav-1\" href=\"#\" role=\"button\">\n            <span aria-hidden=\"true\">\n              <svg viewBox=\"0 0 451.847 451.847\"><path d=\"M97.141,225.92c0-8.095,3.091-16.192,9.259-22.366L300.689,9.27c12.359-12.359,32.397-12.359,44.751,0\nc12.354,12.354,12.354,32.388,0,44.748L173.525,225.92l171.903,171.909c12.354,12.354,12.354,32.391,0,44.744\nc-12.354,12.365-32.386,12.365-44.745,0l-194.29-194.281C100.226,242.115,97.141,234.018,97.141,225.92z\"><\/path><\/svg>\n            <\/span>\n            <span class=\"sr-only\">\n              <svg viewBox=\"0 0 451.847 451.847\"><path d=\"M97.141,225.92c0-8.095,3.091-16.192,9.259-22.366L300.689,9.27c12.359-12.359,32.397-12.359,44.751,0\nc12.354,12.354,12.354,32.388,0,44.748L173.525,225.92l171.903,171.909c12.354,12.354,12.354,32.391,0,44.744\nc-12.354,12.365-32.386,12.365-44.745,0l-194.29-194.281C100.226,242.115,97.141,234.018,97.141,225.92z\"><\/path><\/svg>\n            <\/span>\n          <\/a>\n          <a class=\"u-absolute-vcenter u-gallery-nav u-gallery-nav-next u-grey-70 u-icon-circle u-opacity u-opacity-70 u-spacing-10 u-text-white u-gallery-nav-2\" href=\"#\" role=\"button\">\n            <span aria-hidden=\"true\">\n              <svg viewBox=\"0 0 451.846 451.847\"><path d=\"M345.441,248.292L151.154,442.573c-12.359,12.365-32.397,12.365-44.75,0c-12.354-12.354-12.354-32.391,0-44.744\nL278.318,225.92L106.409,54.017c-12.354-12.359-12.354-32.394,0-44.748c12.354-12.359,32.391-12.359,44.75,0l194.287,194.284\nc6.177,6.18,9.262,14.271,9.262,22.366C354.708,234.018,351.617,242.115,345.441,248.292z\"><\/path><\/svg>\n            <\/span>\n            <span class=\"sr-only\">\n              <svg viewBox=\"0 0 451.846 451.847\"><path d=\"M345.441,248.292L151.154,442.573c-12.359,12.365-32.397,12.365-44.75,0c-12.354-12.354-12.354-32.391,0-44.744\nL278.318,225.92L106.409,54.017c-12.354-12.359-12.354-32.394,0-44.748c12.354-12.359,32.391-12.359,44.75,0l194.287,194.284\nc6.177,6.18,9.262,14.271,9.262,22.366C354.708,234.018,351.617,242.115,345.441,248.292z\"><\/path><\/svg>\n            <\/span>\n          <\/a>\n        <\/div>\n      <\/div>\n    <\/section>\n    \n    \n    \n  \n<\/div>","protected":false},"excerpt":{"rendered":"<p>Nous contacter Vous voulez cr\u00e9er un num\u00e9ro pour votre lieu, int\u00e9grer le collectif A3 ou bien commander des exemplaires papiers ? Ecrivez-nous !&nbsp; Par mail :&nbsp;a3.resoriso@gmail.com Sur Insta :&nbsp; https:\/\/www.instagram.com\/a3_publication\/<\/p>\n","protected":false},"author":4,"featured_media":0,"parent":0,"menu_order":0,"comment_status":"closed","ping_status":"closed","template":"","meta":{"footnotes":""},"class_list":["post-533","page","type-page","status-publish","hentry","entry"],"_links":{"self":[{"href":"https:\/\/a3collectif.com\/index.php\/wp-json\/wp\/v2\/pages\/533","targetHints":{"allow":["GET"]}}],"collection":[{"href":"https:\/\/a3collectif.com\/index.php\/wp-json\/wp\/v2\/pages"}],"about":[{"href":"https:\/\/a3collectif.com\/index.php\/wp-json\/wp\/v2\/types\/page"}],"author":[{"embeddable":true,"href":"https:\/\/a3collectif.com\/index.php\/wp-json\/wp\/v2\/users\/4"}],"replies":[{"embeddable":true,"href":"https:\/\/a3collectif.com\/index.php\/wp-json\/wp\/v2\/comments?post=533"}],"version-history":[{"count":11,"href":"https:\/\/a3collectif.com\/index.php\/wp-json\/wp\/v2\/pages\/533\/revisions"}],"predecessor-version":[{"id":787,"href":"https:\/\/a3collectif.com\/index.php\/wp-json\/wp\/v2\/pages\/533\/revisions\/787"}],"wp:attachment":[{"href":"https:\/\/a3collectif.com\/index.php\/wp-json\/wp\/v2\/media?parent=533"}],"curies":[{"name":"wp","href":"https:\/\/api.w.org\/{rel}","templated":true}]}}